{"id":871,"date":"2015-04-22T11:30:58","date_gmt":"2015-04-22T09:30:58","guid":{"rendered":"https:\/\/www.tactileflooring.se\/da\/kontakt\/"},"modified":"2024-04-15T08:19:05","modified_gmt":"2024-04-15T06:19:05","slug":"kontakt","status":"publish","type":"page","link":"https:\/\/www.tactileflooring.se\/da\/kontakt\/","title":{"rendered":"Kontakt"},"content":{"rendered":"<p>Vi hj\u00e6lper med at sikre tilg\u00e6ngeligheden i alle typer af milj\u00f8er. Fra vurdering af behov til planl\u00e6gning og montering af ledelinjer. S\u00e5 hvis du vil g\u00f8re dit arbejde lidt lettere, skal du bare kontakte os.<\/p>\n<p>&nbsp;<\/p>\n<div class=\"text-block \">\n<p><strong>Country Manager<\/strong><\/p>\n<p>Theo Ravn Beltoft<br \/>\nTlf: +45 51 14 02 64<br \/>\n<a href=\"mailto:theo.beltoft@matting.dk\">theo.beltoft@matting.dk<\/a><\/p>\n<p>&nbsp;<\/p>\n<p><strong>Customer Success<\/strong><\/p>\n<p>Tlf: +45 39 30 08 02<br \/>\n<a href=\"mailto:info@matting.dk\">info@matting.dk<\/a><\/p>\n<\/div>\n<p>&nbsp;<\/p>\n<p>&nbsp;<\/p>\n<p>&nbsp;<\/p>\n<div class=\"text-block \">\n<p style=\"text-align: center;\"><strong>Matting Solutions \u2013 en del af <a href=\"https:\/\/matting.se\/\">Matting AB<\/a><br \/>\n<\/strong><em>Effektive entr\u00e9l\u00f8sninger, tilg\u00e6ngelige milj\u00f8er samt st\u00e5m\u00e5tter til sunde og sikre arbejdspladser.<\/em><\/p>\n<\/div>\n<div class=\"text-block \">\n<div class=\"text-block \" style=\"text-align: center;\">\n<p>&nbsp;<\/p>\n<p style=\"text-align: center;\"><strong>Matting Interior<br \/>\n<\/strong><em>Et koncept til det kreative og b\u00e6redygtige menneske.<\/em><\/p>\n<p>&nbsp;<\/p>\n<p><strong>Matting Interior Skole<br \/>\n<\/strong><em>Et skolekoncept som skaber \u00f8get aktivitet og bev\u00e6gelse og bedre koncentration.<\/em><\/p>\n<p>&nbsp;<\/p>\n<p style=\"text-align: center;\"><strong>Danmark<\/strong><\/p>\n<p style=\"text-align: center;\">\u00d8stre All\u00e9 6, 9530 St\u00f8vring | Tlf: +45 39 30 08 02 | <a href=\"mailto:info@matting.dk\">info@matting.dk<\/a><\/p>\n<\/div>\n<p>&nbsp;<\/p>\n<\/div>\n<p>&nbsp;<\/p>\n<div class=\"text-block \">\n<p style=\"text-align: center;\"><strong>Hovedkontor Sverige<\/strong><\/p>\n<p style=\"text-align: center;\">Box 514, SE \u2013 441 15 Alings\u00e5s,\u00a0Tomasg\u00e5rdsv\u00e4gen 19\u00a0 SE \u2013 441 39 Alings\u00e5s | Tlf: +46 322 67 08 00 | <a href=\"mailto:info@matting.se\">info@matting.se<\/a><\/p>\n<\/div>\n","protected":false},"excerpt":{"rendered":"<p>Vi hj\u00e6lper med at sikre tilg\u00e6ngeligheden i alle typer af milj\u00f8er. Fra vurdering af behov til planl\u00e6gning og montering af ledelinjer. S\u00e5 hvis du vil [&hellip;]<\/p>\n","protected":false},"author":2,"featured_media":2141,"parent":0,"menu_order":60,"comment_status":"closed","ping_status":"closed","template":"","meta":{"_acf_changed":false,"footnotes":""},"class_list":["post-871","page","type-page","status-publish","has-post-thumbnail","hentry"],"acf":[],"yoast_head":"<!-- This site is optimized with the Yoast SEO plugin v25.0 - https:\/\/yoast.com\/wordpress\/plugins\/seo\/ -->\n<title>Kontakt - Tactile Flooring<\/title>\n<meta name=\"robots\" content=\"index, follow, max-snippet:-1, max-image-preview:large, max-video-preview:-1\" \/>\n<link rel=\"canonical\" href=\"https:\/\/www.tactileflooring.se\/da\/kontakt\/\" \/>\n<meta property=\"og:locale\" content=\"da_DK\" \/>\n<meta property=\"og:type\" content=\"article\" \/>\n<meta property=\"og:title\" content=\"Kontakt - Tactile Flooring\" \/>\n<meta property=\"og:description\" content=\"Vi hj\u00e6lper med at sikre tilg\u00e6ngeligheden i alle typer af milj\u00f8er. Fra vurdering af behov til planl\u00e6gning og montering af ledelinjer. S\u00e5 hvis du vil [&hellip;]\" \/>\n<meta property=\"og:url\" content=\"https:\/\/www.tactileflooring.se\/da\/kontakt\/\" \/>\n<meta property=\"og:site_name\" content=\"Tactile Flooring\" \/>\n<meta property=\"article:publisher\" content=\"https:\/\/www.facebook.com\/tactileflooringbymatting\" \/>\n<meta property=\"article:modified_time\" content=\"2024-04-15T06:19:05+00:00\" \/>\n<meta property=\"og:image\" content=\"https:\/\/www.tactileflooring.se\/wp-content\/uploads\/TOP-Om-oss-pa-Matting.jpg\" \/>\n\t<meta property=\"og:image:width\" content=\"1200\" \/>\n\t<meta property=\"og:image:height\" content=\"465\" \/>\n\t<meta property=\"og:image:type\" content=\"image\/jpeg\" \/>\n<meta name=\"twitter:card\" content=\"summary_large_image\" \/>\n<meta name=\"twitter:label1\" content=\"Est. reading time\" \/>\n\t<meta name=\"twitter:data1\" content=\"1 minute\" \/>\n<script type=\"application\/ld+json\" class=\"yoast-schema-graph\">{\"@context\":\"https:\/\/schema.org\",\"@graph\":[{\"@type\":\"WebPage\",\"@id\":\"https:\/\/www.tactileflooring.se\/da\/kontakt\/\",\"url\":\"https:\/\/www.tactileflooring.se\/da\/kontakt\/\",\"name\":\"Kontakt - Tactile Flooring\",\"isPartOf\":{\"@id\":\"https:\/\/www.tactileflooring.se\/#website\"},\"primaryImageOfPage\":{\"@id\":\"https:\/\/www.tactileflooring.se\/da\/kontakt\/#primaryimage\"},\"image\":{\"@id\":\"https:\/\/www.tactileflooring.se\/da\/kontakt\/#primaryimage\"},\"thumbnailUrl\":\"https:\/\/www.tactileflooring.se\/wp-content\/uploads\/TOP-Om-oss-pa-Matting.jpg\",\"datePublished\":\"2015-04-22T09:30:58+00:00\",\"dateModified\":\"2024-04-15T06:19:05+00:00\",\"breadcrumb\":{\"@id\":\"https:\/\/www.tactileflooring.se\/da\/kontakt\/#breadcrumb\"},\"inLanguage\":\"da-DK\",\"potentialAction\":[{\"@type\":\"ReadAction\",\"target\":[\"https:\/\/www.tactileflooring.se\/da\/kontakt\/\"]}]},{\"@type\":\"ImageObject\",\"inLanguage\":\"da-DK\",\"@id\":\"https:\/\/www.tactileflooring.se\/da\/kontakt\/#primaryimage\",\"url\":\"https:\/\/www.tactileflooring.se\/wp-content\/uploads\/TOP-Om-oss-pa-Matting.jpg\",\"contentUrl\":\"https:\/\/www.tactileflooring.se\/wp-content\/uploads\/TOP-Om-oss-pa-Matting.jpg\",\"width\":1200,\"height\":465},{\"@type\":\"BreadcrumbList\",\"@id\":\"https:\/\/www.tactileflooring.se\/da\/kontakt\/#breadcrumb\",\"itemListElement\":[{\"@type\":\"ListItem\",\"position\":1,\"name\":\"Home\",\"item\":\"https:\/\/www.tactileflooring.se\/da\/\"},{\"@type\":\"ListItem\",\"position\":2,\"name\":\"Kontakt\"}]},{\"@type\":\"WebSite\",\"@id\":\"https:\/\/www.tactileflooring.se\/#website\",\"url\":\"https:\/\/www.tactileflooring.se\/\",\"name\":\"Tactile Flooring\",\"description\":\"Tillg\u00e4nglighet f\u00f6r alla\",\"publisher\":{\"@id\":\"https:\/\/www.tactileflooring.se\/#organization\"},\"potentialAction\":[{\"@type\":\"SearchAction\",\"target\":{\"@type\":\"EntryPoint\",\"urlTemplate\":\"https:\/\/www.tactileflooring.se\/?s={search_term_string}\"},\"query-input\":{\"@type\":\"PropertyValueSpecification\",\"valueRequired\":true,\"valueName\":\"search_term_string\"}}],\"inLanguage\":\"da-DK\"},{\"@type\":\"Organization\",\"@id\":\"https:\/\/www.tactileflooring.se\/#organization\",\"name\":\"Matting AB, Matting Solutions\",\"url\":\"https:\/\/www.tactileflooring.se\/\",\"logo\":{\"@type\":\"ImageObject\",\"inLanguage\":\"da-DK\",\"@id\":\"https:\/\/www.tactileflooring.se\/#\/schema\/logo\/image\/\",\"url\":\"https:\/\/www.tactileflooring.se\/wp-content\/uploads\/MATTING_black_basic.png\",\"contentUrl\":\"https:\/\/www.tactileflooring.se\/wp-content\/uploads\/MATTING_black_basic.png\",\"width\":310,\"height\":54,\"caption\":\"Matting AB, Matting Solutions\"},\"image\":{\"@id\":\"https:\/\/www.tactileflooring.se\/#\/schema\/logo\/image\/\"},\"sameAs\":[\"https:\/\/www.facebook.com\/tactileflooringbymatting\",\"https:\/\/www.instagram.com\/mattingsolutions\/\",\"https:\/\/www.linkedin.com\/company\/mattingsolutions\/\"]}]}<\/script>\n<!-- \/ Yoast SEO plugin. -->","yoast_head_json":{"title":"Kontakt - Tactile Flooring","robots":{"index":"index","follow":"follow","max-snippet":"max-snippet:-1","max-image-preview":"max-image-preview:large","max-video-preview":"max-video-preview:-1"},"canonical":"https:\/\/www.tactileflooring.se\/da\/kontakt\/","og_locale":"da_DK","og_type":"article","og_title":"Kontakt - Tactile Flooring","og_description":"Vi hj\u00e6lper med at sikre tilg\u00e6ngeligheden i alle typer af milj\u00f8er. Fra vurdering af behov til planl\u00e6gning og montering af ledelinjer. S\u00e5 hvis du vil [&hellip;]","og_url":"https:\/\/www.tactileflooring.se\/da\/kontakt\/","og_site_name":"Tactile Flooring","article_publisher":"https:\/\/www.facebook.com\/tactileflooringbymatting","article_modified_time":"2024-04-15T06:19:05+00:00","og_image":[{"width":1200,"height":465,"url":"https:\/\/www.tactileflooring.se\/wp-content\/uploads\/TOP-Om-oss-pa-Matting.jpg","type":"image\/jpeg"}],"twitter_card":"summary_large_image","twitter_misc":{"Est. reading time":"1 minute"},"schema":{"@context":"https:\/\/schema.org","@graph":[{"@type":"WebPage","@id":"https:\/\/www.tactileflooring.se\/da\/kontakt\/","url":"https:\/\/www.tactileflooring.se\/da\/kontakt\/","name":"Kontakt - Tactile Flooring","isPartOf":{"@id":"https:\/\/www.tactileflooring.se\/#website"},"primaryImageOfPage":{"@id":"https:\/\/www.tactileflooring.se\/da\/kontakt\/#primaryimage"},"image":{"@id":"https:\/\/www.tactileflooring.se\/da\/kontakt\/#primaryimage"},"thumbnailUrl":"https:\/\/www.tactileflooring.se\/wp-content\/uploads\/TOP-Om-oss-pa-Matting.jpg","datePublished":"2015-04-22T09:30:58+00:00","dateModified":"2024-04-15T06:19:05+00:00","breadcrumb":{"@id":"https:\/\/www.tactileflooring.se\/da\/kontakt\/#breadcrumb"},"inLanguage":"da-DK","potentialAction":[{"@type":"ReadAction","target":["https:\/\/www.tactileflooring.se\/da\/kontakt\/"]}]},{"@type":"ImageObject","inLanguage":"da-DK","@id":"https:\/\/www.tactileflooring.se\/da\/kontakt\/#primaryimage","url":"https:\/\/www.tactileflooring.se\/wp-content\/uploads\/TOP-Om-oss-pa-Matting.jpg","contentUrl":"https:\/\/www.tactileflooring.se\/wp-content\/uploads\/TOP-Om-oss-pa-Matting.jpg","width":1200,"height":465},{"@type":"BreadcrumbList","@id":"https:\/\/www.tactileflooring.se\/da\/kontakt\/#breadcrumb","itemListElement":[{"@type":"ListItem","position":1,"name":"Home","item":"https:\/\/www.tactileflooring.se\/da\/"},{"@type":"ListItem","position":2,"name":"Kontakt"}]},{"@type":"WebSite","@id":"https:\/\/www.tactileflooring.se\/#website","url":"https:\/\/www.tactileflooring.se\/","name":"Tactile Flooring","description":"Tillg\u00e4nglighet f\u00f6r alla","publisher":{"@id":"https:\/\/www.tactileflooring.se\/#organization"},"potentialAction":[{"@type":"SearchAction","target":{"@type":"EntryPoint","urlTemplate":"https:\/\/www.tactileflooring.se\/?s={search_term_string}"},"query-input":{"@type":"PropertyValueSpecification","valueRequired":true,"valueName":"search_term_string"}}],"inLanguage":"da-DK"},{"@type":"Organization","@id":"https:\/\/www.tactileflooring.se\/#organization","name":"Matting AB, Matting Solutions","url":"https:\/\/www.tactileflooring.se\/","logo":{"@type":"ImageObject","inLanguage":"da-DK","@id":"https:\/\/www.tactileflooring.se\/#\/schema\/logo\/image\/","url":"https:\/\/www.tactileflooring.se\/wp-content\/uploads\/MATTING_black_basic.png","contentUrl":"https:\/\/www.tactileflooring.se\/wp-content\/uploads\/MATTING_black_basic.png","width":310,"height":54,"caption":"Matting AB, Matting Solutions"},"image":{"@id":"https:\/\/www.tactileflooring.se\/#\/schema\/logo\/image\/"},"sameAs":["https:\/\/www.facebook.com\/tactileflooringbymatting","https:\/\/www.instagram.com\/mattingsolutions\/","https:\/\/www.linkedin.com\/company\/mattingsolutions\/"]}]}},"_links":{"self":[{"href":"https:\/\/www.tactileflooring.se\/da\/wp-json\/wp\/v2\/pages\/871","targetHints":{"allow":["GET"]}}],"collection":[{"href":"https:\/\/www.tactileflooring.se\/da\/wp-json\/wp\/v2\/pages"}],"about":[{"href":"https:\/\/www.tactileflooring.se\/da\/wp-json\/wp\/v2\/types\/page"}],"author":[{"embeddable":true,"href":"https:\/\/www.tactileflooring.se\/da\/wp-json\/wp\/v2\/users\/2"}],"replies":[{"embeddable":true,"href":"https:\/\/www.tactileflooring.se\/da\/wp-json\/wp\/v2\/comments?post=871"}],"version-history":[{"count":8,"href":"https:\/\/www.tactileflooring.se\/da\/wp-json\/wp\/v2\/pages\/871\/revisions"}],"predecessor-version":[{"id":5384,"href":"https:\/\/www.tactileflooring.se\/da\/wp-json\/wp\/v2\/pages\/871\/revisions\/5384"}],"wp:featuredmedia":[{"embeddable":true,"href":"https:\/\/www.tactileflooring.se\/da\/wp-json\/wp\/v2\/media\/2141"}],"wp:attachment":[{"href":"https:\/\/www.tactileflooring.se\/da\/wp-json\/wp\/v2\/media?parent=871"}],"curies":[{"name":"wp","href":"https:\/\/api.w.org\/{rel}","templated":true}]}}