{"id":861,"date":"2015-04-22T11:20:45","date_gmt":"2015-04-22T09:20:45","guid":{"rendered":"https:\/\/www.tactileflooring.se\/da\/arbetsprocess\/"},"modified":"2019-06-19T08:53:58","modified_gmt":"2019-06-19T06:53:58","slug":"arbetsprocess","status":"publish","type":"page","link":"https:\/\/www.tactileflooring.se\/da\/arbetsprocess\/","title":{"rendered":"Arbejdsproces"},"content":{"rendered":"<div class=\"page\" title=\"Page 3\">\n<div class=\"section\">\n<div class=\"layoutArea\">\n<div class=\"column\">\n<p>Det er en stor udfordring at sikre tilg\u00e6ngeligheden i en bygning. B\u00e5de fordi kun ganske f\u00e5 har viden herom, og fordi reglerne kan v\u00e6re sv\u00e6re at tolke. Hos Matting hj\u00e6lper vi dig gennem hele processen \u2013 fra at vurdere tilg\u00e6ngelighedsbehovet i dit milj\u00f8 til at planl\u00e6gge ledelinjerne og montere dem i henhold til de lovm\u00e6ssige krav.<\/p>\n<\/div>\n<\/div>\n<\/div>\n<\/div>\n","protected":false},"excerpt":{"rendered":"<p>Det er en stor udfordring at sikre tilg\u00e6ngeligheden i en bygning. B\u00e5de fordi kun ganske f\u00e5 har viden herom, og fordi reglerne kan v\u00e6re sv\u00e6re [&hellip;]<\/p>\n","protected":false},"author":2,"featured_media":1005,"parent":0,"menu_order":20,"comment_status":"closed","ping_status":"closed","template":"tpl-page-2-col.php","meta":{"_acf_changed":false,"footnotes":""},"class_list":["post-861","page","type-page","status-publish","has-post-thumbnail","hentry"],"acf":[],"yoast_head":"<!-- This site is optimized with the Yoast SEO plugin v25.0 - https:\/\/yoast.com\/wordpress\/plugins\/seo\/ -->\n<title>Arbejdsproces - Tactile Flooring<\/title>\n<meta name=\"robots\" content=\"index, follow, max-snippet:-1, max-image-preview:large, max-video-preview:-1\" \/>\n<link rel=\"canonical\" href=\"https:\/\/www.tactileflooring.se\/da\/arbetsprocess\/\" \/>\n<meta property=\"og:locale\" content=\"da_DK\" \/>\n<meta property=\"og:type\" content=\"article\" \/>\n<meta property=\"og:title\" content=\"Arbejdsproces - Tactile Flooring\" \/>\n<meta property=\"og:description\" content=\"Det er en stor udfordring at sikre tilg\u00e6ngeligheden i en bygning. B\u00e5de fordi kun ganske f\u00e5 har viden herom, og fordi reglerne kan v\u00e6re sv\u00e6re [&hellip;]\" \/>\n<meta property=\"og:url\" content=\"https:\/\/www.tactileflooring.se\/da\/arbetsprocess\/\" \/>\n<meta property=\"og:site_name\" content=\"Tactile Flooring\" \/>\n<meta property=\"article:publisher\" content=\"https:\/\/www.facebook.com\/tactileflooringbymatting\" \/>\n<meta property=\"article:modified_time\" content=\"2019-06-19T06:53:58+00:00\" \/>\n<meta property=\"og:image\" content=\"https:\/\/www.tactileflooring.se\/wp-content\/uploads\/Arbetsprocess.jpg\" \/>\n\t<meta property=\"og:image:width\" content=\"1473\" \/>\n\t<meta property=\"og:image:height\" content=\"587\" \/>\n\t<meta property=\"og:image:type\" content=\"image\/jpeg\" \/>\n<meta name=\"twitter:card\" content=\"summary_large_image\" \/>\n<script type=\"application\/ld+json\" class=\"yoast-schema-graph\">{\"@context\":\"https:\/\/schema.org\",\"@graph\":[{\"@type\":\"WebPage\",\"@id\":\"https:\/\/www.tactileflooring.se\/da\/arbetsprocess\/\",\"url\":\"https:\/\/www.tactileflooring.se\/da\/arbetsprocess\/\",\"name\":\"Arbejdsproces - Tactile Flooring\",\"isPartOf\":{\"@id\":\"https:\/\/www.tactileflooring.se\/#website\"},\"primaryImageOfPage\":{\"@id\":\"https:\/\/www.tactileflooring.se\/da\/arbetsprocess\/#primaryimage\"},\"image\":{\"@id\":\"https:\/\/www.tactileflooring.se\/da\/arbetsprocess\/#primaryimage\"},\"thumbnailUrl\":\"https:\/\/www.tactileflooring.se\/wp-content\/uploads\/Arbetsprocess.jpg\",\"datePublished\":\"2015-04-22T09:20:45+00:00\",\"dateModified\":\"2019-06-19T06:53:58+00:00\",\"breadcrumb\":{\"@id\":\"https:\/\/www.tactileflooring.se\/da\/arbetsprocess\/#breadcrumb\"},\"inLanguage\":\"da-DK\",\"potentialAction\":[{\"@type\":\"ReadAction\",\"target\":[\"https:\/\/www.tactileflooring.se\/da\/arbetsprocess\/\"]}]},{\"@type\":\"ImageObject\",\"inLanguage\":\"da-DK\",\"@id\":\"https:\/\/www.tactileflooring.se\/da\/arbetsprocess\/#primaryimage\",\"url\":\"https:\/\/www.tactileflooring.se\/wp-content\/uploads\/Arbetsprocess.jpg\",\"contentUrl\":\"https:\/\/www.tactileflooring.se\/wp-content\/uploads\/Arbetsprocess.jpg\",\"width\":1473,\"height\":587},{\"@type\":\"BreadcrumbList\",\"@id\":\"https:\/\/www.tactileflooring.se\/da\/arbetsprocess\/#breadcrumb\",\"itemListElement\":[{\"@type\":\"ListItem\",\"position\":1,\"name\":\"Home\",\"item\":\"https:\/\/www.tactileflooring.se\/da\/\"},{\"@type\":\"ListItem\",\"position\":2,\"name\":\"Arbejdsproces\"}]},{\"@type\":\"WebSite\",\"@id\":\"https:\/\/www.tactileflooring.se\/#website\",\"url\":\"https:\/\/www.tactileflooring.se\/\",\"name\":\"Tactile Flooring\",\"description\":\"Tillg\u00e4nglighet f\u00f6r alla\",\"publisher\":{\"@id\":\"https:\/\/www.tactileflooring.se\/#organization\"},\"potentialAction\":[{\"@type\":\"SearchAction\",\"target\":{\"@type\":\"EntryPoint\",\"urlTemplate\":\"https:\/\/www.tactileflooring.se\/?s={search_term_string}\"},\"query-input\":{\"@type\":\"PropertyValueSpecification\",\"valueRequired\":true,\"valueName\":\"search_term_string\"}}],\"inLanguage\":\"da-DK\"},{\"@type\":\"Organization\",\"@id\":\"https:\/\/www.tactileflooring.se\/#organization\",\"name\":\"Matting AB, Matting Solutions\",\"url\":\"https:\/\/www.tactileflooring.se\/\",\"logo\":{\"@type\":\"ImageObject\",\"inLanguage\":\"da-DK\",\"@id\":\"https:\/\/www.tactileflooring.se\/#\/schema\/logo\/image\/\",\"url\":\"https:\/\/www.tactileflooring.se\/wp-content\/uploads\/MATTING_black_basic.png\",\"contentUrl\":\"https:\/\/www.tactileflooring.se\/wp-content\/uploads\/MATTING_black_basic.png\",\"width\":310,\"height\":54,\"caption\":\"Matting AB, Matting Solutions\"},\"image\":{\"@id\":\"https:\/\/www.tactileflooring.se\/#\/schema\/logo\/image\/\"},\"sameAs\":[\"https:\/\/www.facebook.com\/tactileflooringbymatting\",\"https:\/\/www.instagram.com\/mattingsolutions\/\",\"https:\/\/www.linkedin.com\/company\/mattingsolutions\/\"]}]}<\/script>\n<!-- \/ Yoast SEO plugin. -->","yoast_head_json":{"title":"Arbejdsproces - Tactile Flooring","robots":{"index":"index","follow":"follow","max-snippet":"max-snippet:-1","max-image-preview":"max-image-preview:large","max-video-preview":"max-video-preview:-1"},"canonical":"https:\/\/www.tactileflooring.se\/da\/arbetsprocess\/","og_locale":"da_DK","og_type":"article","og_title":"Arbejdsproces - Tactile Flooring","og_description":"Det er en stor udfordring at sikre tilg\u00e6ngeligheden i en bygning. B\u00e5de fordi kun ganske f\u00e5 har viden herom, og fordi reglerne kan v\u00e6re sv\u00e6re [&hellip;]","og_url":"https:\/\/www.tactileflooring.se\/da\/arbetsprocess\/","og_site_name":"Tactile Flooring","article_publisher":"https:\/\/www.facebook.com\/tactileflooringbymatting","article_modified_time":"2019-06-19T06:53:58+00:00","og_image":[{"width":1473,"height":587,"url":"https:\/\/www.tactileflooring.se\/wp-content\/uploads\/Arbetsprocess.jpg","type":"image\/jpeg"}],"twitter_card":"summary_large_image","schema":{"@context":"https:\/\/schema.org","@graph":[{"@type":"WebPage","@id":"https:\/\/www.tactileflooring.se\/da\/arbetsprocess\/","url":"https:\/\/www.tactileflooring.se\/da\/arbetsprocess\/","name":"Arbejdsproces - Tactile Flooring","isPartOf":{"@id":"https:\/\/www.tactileflooring.se\/#website"},"primaryImageOfPage":{"@id":"https:\/\/www.tactileflooring.se\/da\/arbetsprocess\/#primaryimage"},"image":{"@id":"https:\/\/www.tactileflooring.se\/da\/arbetsprocess\/#primaryimage"},"thumbnailUrl":"https:\/\/www.tactileflooring.se\/wp-content\/uploads\/Arbetsprocess.jpg","datePublished":"2015-04-22T09:20:45+00:00","dateModified":"2019-06-19T06:53:58+00:00","breadcrumb":{"@id":"https:\/\/www.tactileflooring.se\/da\/arbetsprocess\/#breadcrumb"},"inLanguage":"da-DK","potentialAction":[{"@type":"ReadAction","target":["https:\/\/www.tactileflooring.se\/da\/arbetsprocess\/"]}]},{"@type":"ImageObject","inLanguage":"da-DK","@id":"https:\/\/www.tactileflooring.se\/da\/arbetsprocess\/#primaryimage","url":"https:\/\/www.tactileflooring.se\/wp-content\/uploads\/Arbetsprocess.jpg","contentUrl":"https:\/\/www.tactileflooring.se\/wp-content\/uploads\/Arbetsprocess.jpg","width":1473,"height":587},{"@type":"BreadcrumbList","@id":"https:\/\/www.tactileflooring.se\/da\/arbetsprocess\/#breadcrumb","itemListElement":[{"@type":"ListItem","position":1,"name":"Home","item":"https:\/\/www.tactileflooring.se\/da\/"},{"@type":"ListItem","position":2,"name":"Arbejdsproces"}]},{"@type":"WebSite","@id":"https:\/\/www.tactileflooring.se\/#website","url":"https:\/\/www.tactileflooring.se\/","name":"Tactile Flooring","description":"Tillg\u00e4nglighet f\u00f6r alla","publisher":{"@id":"https:\/\/www.tactileflooring.se\/#organization"},"potentialAction":[{"@type":"SearchAction","target":{"@type":"EntryPoint","urlTemplate":"https:\/\/www.tactileflooring.se\/?s={search_term_string}"},"query-input":{"@type":"PropertyValueSpecification","valueRequired":true,"valueName":"search_term_string"}}],"inLanguage":"da-DK"},{"@type":"Organization","@id":"https:\/\/www.tactileflooring.se\/#organization","name":"Matting AB, Matting Solutions","url":"https:\/\/www.tactileflooring.se\/","logo":{"@type":"ImageObject","inLanguage":"da-DK","@id":"https:\/\/www.tactileflooring.se\/#\/schema\/logo\/image\/","url":"https:\/\/www.tactileflooring.se\/wp-content\/uploads\/MATTING_black_basic.png","contentUrl":"https:\/\/www.tactileflooring.se\/wp-content\/uploads\/MATTING_black_basic.png","width":310,"height":54,"caption":"Matting AB, Matting Solutions"},"image":{"@id":"https:\/\/www.tactileflooring.se\/#\/schema\/logo\/image\/"},"sameAs":["https:\/\/www.facebook.com\/tactileflooringbymatting","https:\/\/www.instagram.com\/mattingsolutions\/","https:\/\/www.linkedin.com\/company\/mattingsolutions\/"]}]}},"_links":{"self":[{"href":"https:\/\/www.tactileflooring.se\/da\/wp-json\/wp\/v2\/pages\/861","targetHints":{"allow":["GET"]}}],"collection":[{"href":"https:\/\/www.tactileflooring.se\/da\/wp-json\/wp\/v2\/pages"}],"about":[{"href":"https:\/\/www.tactileflooring.se\/da\/wp-json\/wp\/v2\/types\/page"}],"author":[{"embeddable":true,"href":"https:\/\/www.tactileflooring.se\/da\/wp-json\/wp\/v2\/users\/2"}],"replies":[{"embeddable":true,"href":"https:\/\/www.tactileflooring.se\/da\/wp-json\/wp\/v2\/comments?post=861"}],"version-history":[{"count":0,"href":"https:\/\/www.tactileflooring.se\/da\/wp-json\/wp\/v2\/pages\/861\/revisions"}],"wp:featuredmedia":[{"embeddable":true,"href":"https:\/\/www.tactileflooring.se\/da\/wp-json\/wp\/v2\/media\/1005"}],"wp:attachment":[{"href":"https:\/\/www.tactileflooring.se\/da\/wp-json\/wp\/v2\/media?parent=861"}],"curies":[{"name":"wp","href":"https:\/\/api.w.org\/{rel}","templated":true}]}}