{"id":3602,"date":"2018-11-27T12:09:07","date_gmt":"2018-11-27T11:09:07","guid":{"rendered":"https:\/\/www.tactileflooring.se\/broschyrer-och-produktblad\/"},"modified":"2019-10-29T15:36:41","modified_gmt":"2019-10-29T14:36:41","slug":"brochurer-og-media","status":"publish","type":"page","link":"https:\/\/www.tactileflooring.se\/da\/brochurer-og-media\/","title":{"rendered":"Brochurer og media"},"content":{"rendered":"<p>V\u00e6rsgo at bruge vores materiale til markedsf\u00f8ring af vores produkter!<\/p>\n<p>Hvis du er forhandler og \u00f8nsker produktbilleder, s\u00e5 finder du dem p\u00e5 vores <a href=\"http:\/\/mediabank.prinfovargarda.se\/webnative\/inprstyle\/runstyle?\">Mediabank<\/a>.<br \/>\nKontakt <a href=\"mailto: projekt@matting.se?subject=Inlogg Mediabanken\">projekt@matting.se<\/a> for login oplysninger.<\/p>\n","protected":false},"excerpt":{"rendered":"<p>V\u00e6rsgo at bruge vores materiale til markedsf\u00f8ring af vores produkter! Hvis du er forhandler og \u00f8nsker produktbilleder, s\u00e5 finder du dem p\u00e5 vores Mediabank. Kontakt [&hellip;]<\/p>\n","protected":false},"author":2,"featured_media":2952,"parent":0,"menu_order":0,"comment_status":"closed","ping_status":"closed","template":"tpl-document.php","meta":{"_acf_changed":false,"footnotes":""},"class_list":["post-3602","page","type-page","status-publish","has-post-thumbnail","hentry"],"acf":[],"yoast_head":"<!-- This site is optimized with the Yoast SEO plugin v25.0 - https:\/\/yoast.com\/wordpress\/plugins\/seo\/ -->\n<title>Brochurer og media - Tactile Flooring<\/title>\n<meta name=\"robots\" content=\"index, follow, max-snippet:-1, max-image-preview:large, max-video-preview:-1\" \/>\n<link rel=\"canonical\" href=\"https:\/\/www.tactileflooring.se\/da\/brochurer-og-media\/\" \/>\n<meta property=\"og:locale\" content=\"da_DK\" \/>\n<meta property=\"og:type\" content=\"article\" \/>\n<meta property=\"og:title\" content=\"Brochurer og media - Tactile Flooring\" \/>\n<meta property=\"og:description\" content=\"V\u00e6rsgo at bruge vores materiale til markedsf\u00f8ring af vores produkter! Hvis du er forhandler og \u00f8nsker produktbilleder, s\u00e5 finder du dem p\u00e5 vores Mediabank. Kontakt [&hellip;]\" \/>\n<meta property=\"og:url\" content=\"https:\/\/www.tactileflooring.se\/da\/brochurer-og-media\/\" \/>\n<meta property=\"og:site_name\" content=\"Tactile Flooring\" \/>\n<meta property=\"article:publisher\" content=\"https:\/\/www.facebook.com\/tactileflooringbymatting\" \/>\n<meta property=\"article:modified_time\" content=\"2019-10-29T14:36:41+00:00\" \/>\n<meta property=\"og:image\" content=\"https:\/\/www.tactileflooring.se\/wp-content\/uploads\/Line_Diamond_main.jpg\" \/>\n\t<meta property=\"og:image:width\" content=\"1260\" \/>\n\t<meta property=\"og:image:height\" content=\"488\" \/>\n\t<meta property=\"og:image:type\" content=\"image\/jpeg\" \/>\n<meta name=\"twitter:card\" content=\"summary_large_image\" \/>\n<script type=\"application\/ld+json\" class=\"yoast-schema-graph\">{\"@context\":\"https:\/\/schema.org\",\"@graph\":[{\"@type\":\"WebPage\",\"@id\":\"https:\/\/www.tactileflooring.se\/da\/brochurer-og-media\/\",\"url\":\"https:\/\/www.tactileflooring.se\/da\/brochurer-og-media\/\",\"name\":\"Brochurer og media - Tactile Flooring\",\"isPartOf\":{\"@id\":\"https:\/\/www.tactileflooring.se\/#website\"},\"primaryImageOfPage\":{\"@id\":\"https:\/\/www.tactileflooring.se\/da\/brochurer-og-media\/#primaryimage\"},\"image\":{\"@id\":\"https:\/\/www.tactileflooring.se\/da\/brochurer-og-media\/#primaryimage\"},\"thumbnailUrl\":\"https:\/\/www.tactileflooring.se\/wp-content\/uploads\/Line_Diamond_main.jpg\",\"datePublished\":\"2018-11-27T11:09:07+00:00\",\"dateModified\":\"2019-10-29T14:36:41+00:00\",\"breadcrumb\":{\"@id\":\"https:\/\/www.tactileflooring.se\/da\/brochurer-og-media\/#breadcrumb\"},\"inLanguage\":\"da-DK\",\"potentialAction\":[{\"@type\":\"ReadAction\",\"target\":[\"https:\/\/www.tactileflooring.se\/da\/brochurer-og-media\/\"]}]},{\"@type\":\"ImageObject\",\"inLanguage\":\"da-DK\",\"@id\":\"https:\/\/www.tactileflooring.se\/da\/brochurer-og-media\/#primaryimage\",\"url\":\"https:\/\/www.tactileflooring.se\/wp-content\/uploads\/Line_Diamond_main.jpg\",\"contentUrl\":\"https:\/\/www.tactileflooring.se\/wp-content\/uploads\/Line_Diamond_main.jpg\",\"width\":1260,\"height\":488},{\"@type\":\"BreadcrumbList\",\"@id\":\"https:\/\/www.tactileflooring.se\/da\/brochurer-og-media\/#breadcrumb\",\"itemListElement\":[{\"@type\":\"ListItem\",\"position\":1,\"name\":\"Home\",\"item\":\"https:\/\/www.tactileflooring.se\/da\/\"},{\"@type\":\"ListItem\",\"position\":2,\"name\":\"Brochurer og media\"}]},{\"@type\":\"WebSite\",\"@id\":\"https:\/\/www.tactileflooring.se\/#website\",\"url\":\"https:\/\/www.tactileflooring.se\/\",\"name\":\"Tactile Flooring\",\"description\":\"Tillg\u00e4nglighet f\u00f6r alla\",\"publisher\":{\"@id\":\"https:\/\/www.tactileflooring.se\/#organization\"},\"potentialAction\":[{\"@type\":\"SearchAction\",\"target\":{\"@type\":\"EntryPoint\",\"urlTemplate\":\"https:\/\/www.tactileflooring.se\/?s={search_term_string}\"},\"query-input\":{\"@type\":\"PropertyValueSpecification\",\"valueRequired\":true,\"valueName\":\"search_term_string\"}}],\"inLanguage\":\"da-DK\"},{\"@type\":\"Organization\",\"@id\":\"https:\/\/www.tactileflooring.se\/#organization\",\"name\":\"Matting AB, Matting Solutions\",\"url\":\"https:\/\/www.tactileflooring.se\/\",\"logo\":{\"@type\":\"ImageObject\",\"inLanguage\":\"da-DK\",\"@id\":\"https:\/\/www.tactileflooring.se\/#\/schema\/logo\/image\/\",\"url\":\"https:\/\/www.tactileflooring.se\/wp-content\/uploads\/MATTING_black_basic.png\",\"contentUrl\":\"https:\/\/www.tactileflooring.se\/wp-content\/uploads\/MATTING_black_basic.png\",\"width\":310,\"height\":54,\"caption\":\"Matting AB, Matting Solutions\"},\"image\":{\"@id\":\"https:\/\/www.tactileflooring.se\/#\/schema\/logo\/image\/\"},\"sameAs\":[\"https:\/\/www.facebook.com\/tactileflooringbymatting\",\"https:\/\/www.instagram.com\/mattingsolutions\/\",\"https:\/\/www.linkedin.com\/company\/mattingsolutions\/\"]}]}<\/script>\n<!-- \/ Yoast SEO plugin. -->","yoast_head_json":{"title":"Brochurer og media - Tactile Flooring","robots":{"index":"index","follow":"follow","max-snippet":"max-snippet:-1","max-image-preview":"max-image-preview:large","max-video-preview":"max-video-preview:-1"},"canonical":"https:\/\/www.tactileflooring.se\/da\/brochurer-og-media\/","og_locale":"da_DK","og_type":"article","og_title":"Brochurer og media - Tactile Flooring","og_description":"V\u00e6rsgo at bruge vores materiale til markedsf\u00f8ring af vores produkter! Hvis du er forhandler og \u00f8nsker produktbilleder, s\u00e5 finder du dem p\u00e5 vores Mediabank. Kontakt [&hellip;]","og_url":"https:\/\/www.tactileflooring.se\/da\/brochurer-og-media\/","og_site_name":"Tactile Flooring","article_publisher":"https:\/\/www.facebook.com\/tactileflooringbymatting","article_modified_time":"2019-10-29T14:36:41+00:00","og_image":[{"width":1260,"height":488,"url":"https:\/\/www.tactileflooring.se\/wp-content\/uploads\/Line_Diamond_main.jpg","type":"image\/jpeg"}],"twitter_card":"summary_large_image","schema":{"@context":"https:\/\/schema.org","@graph":[{"@type":"WebPage","@id":"https:\/\/www.tactileflooring.se\/da\/brochurer-og-media\/","url":"https:\/\/www.tactileflooring.se\/da\/brochurer-og-media\/","name":"Brochurer og media - Tactile Flooring","isPartOf":{"@id":"https:\/\/www.tactileflooring.se\/#website"},"primaryImageOfPage":{"@id":"https:\/\/www.tactileflooring.se\/da\/brochurer-og-media\/#primaryimage"},"image":{"@id":"https:\/\/www.tactileflooring.se\/da\/brochurer-og-media\/#primaryimage"},"thumbnailUrl":"https:\/\/www.tactileflooring.se\/wp-content\/uploads\/Line_Diamond_main.jpg","datePublished":"2018-11-27T11:09:07+00:00","dateModified":"2019-10-29T14:36:41+00:00","breadcrumb":{"@id":"https:\/\/www.tactileflooring.se\/da\/brochurer-og-media\/#breadcrumb"},"inLanguage":"da-DK","potentialAction":[{"@type":"ReadAction","target":["https:\/\/www.tactileflooring.se\/da\/brochurer-og-media\/"]}]},{"@type":"ImageObject","inLanguage":"da-DK","@id":"https:\/\/www.tactileflooring.se\/da\/brochurer-og-media\/#primaryimage","url":"https:\/\/www.tactileflooring.se\/wp-content\/uploads\/Line_Diamond_main.jpg","contentUrl":"https:\/\/www.tactileflooring.se\/wp-content\/uploads\/Line_Diamond_main.jpg","width":1260,"height":488},{"@type":"BreadcrumbList","@id":"https:\/\/www.tactileflooring.se\/da\/brochurer-og-media\/#breadcrumb","itemListElement":[{"@type":"ListItem","position":1,"name":"Home","item":"https:\/\/www.tactileflooring.se\/da\/"},{"@type":"ListItem","position":2,"name":"Brochurer og media"}]},{"@type":"WebSite","@id":"https:\/\/www.tactileflooring.se\/#website","url":"https:\/\/www.tactileflooring.se\/","name":"Tactile Flooring","description":"Tillg\u00e4nglighet f\u00f6r alla","publisher":{"@id":"https:\/\/www.tactileflooring.se\/#organization"},"potentialAction":[{"@type":"SearchAction","target":{"@type":"EntryPoint","urlTemplate":"https:\/\/www.tactileflooring.se\/?s={search_term_string}"},"query-input":{"@type":"PropertyValueSpecification","valueRequired":true,"valueName":"search_term_string"}}],"inLanguage":"da-DK"},{"@type":"Organization","@id":"https:\/\/www.tactileflooring.se\/#organization","name":"Matting AB, Matting Solutions","url":"https:\/\/www.tactileflooring.se\/","logo":{"@type":"ImageObject","inLanguage":"da-DK","@id":"https:\/\/www.tactileflooring.se\/#\/schema\/logo\/image\/","url":"https:\/\/www.tactileflooring.se\/wp-content\/uploads\/MATTING_black_basic.png","contentUrl":"https:\/\/www.tactileflooring.se\/wp-content\/uploads\/MATTING_black_basic.png","width":310,"height":54,"caption":"Matting AB, Matting Solutions"},"image":{"@id":"https:\/\/www.tactileflooring.se\/#\/schema\/logo\/image\/"},"sameAs":["https:\/\/www.facebook.com\/tactileflooringbymatting","https:\/\/www.instagram.com\/mattingsolutions\/","https:\/\/www.linkedin.com\/company\/mattingsolutions\/"]}]}},"_links":{"self":[{"href":"https:\/\/www.tactileflooring.se\/da\/wp-json\/wp\/v2\/pages\/3602","targetHints":{"allow":["GET"]}}],"collection":[{"href":"https:\/\/www.tactileflooring.se\/da\/wp-json\/wp\/v2\/pages"}],"about":[{"href":"https:\/\/www.tactileflooring.se\/da\/wp-json\/wp\/v2\/types\/page"}],"author":[{"embeddable":true,"href":"https:\/\/www.tactileflooring.se\/da\/wp-json\/wp\/v2\/users\/2"}],"replies":[{"embeddable":true,"href":"https:\/\/www.tactileflooring.se\/da\/wp-json\/wp\/v2\/comments?post=3602"}],"version-history":[{"count":0,"href":"https:\/\/www.tactileflooring.se\/da\/wp-json\/wp\/v2\/pages\/3602\/revisions"}],"wp:featuredmedia":[{"embeddable":true,"href":"https:\/\/www.tactileflooring.se\/da\/wp-json\/wp\/v2\/media\/2952"}],"wp:attachment":[{"href":"https:\/\/www.tactileflooring.se\/da\/wp-json\/wp\/v2\/media?parent=3602"}],"curies":[{"name":"wp","href":"https:\/\/api.w.org\/{rel}","templated":true}]}}