{"id":2574,"date":"2018-04-17T13:27:56","date_gmt":"2018-04-17T11:27:56","guid":{"rendered":"https:\/\/www.tactileflooring.se\/mattvaljaren\/"},"modified":"2019-07-02T16:08:31","modified_gmt":"2019-07-02T14:08:31","slug":"ledstraksvaljaren","status":"publish","type":"page","link":"https:\/\/www.tactileflooring.se\/da\/ledstraksvaljaren\/","title":{"rendered":"Ledstr\u00e5ksv\u00e4ljaren"},"content":{"rendered":"<p>Att v\u00e4lja r\u00e4tt produkt vid installation av ledstr\u00e5k \u00e4r viktigt. I v\u00e5rt sortiment finns flera olika material f\u00f6r att passa olika typer av golvytor och milj\u00f6er. Om du t ex ska tillg\u00e4nglighetsanpassa i en sjukhusmilj\u00f6 s\u00e5 kan h\u00f6jden p\u00e5 str\u00e5ket vara viktigt, eller hur &#8220;tyst&#8221; det \u00e4r n\u00e4r rullstolar och s\u00e4ngar passerar \u00f6ver. I en hotellmilj\u00f6 kan det vara det estetiska som avg\u00f6r att valet faller p\u00e5 ett visst str\u00e5k. P\u00e5 v\u00e5r <a href=\"https:\/\/www.tactileflooring.se\/referenser\/\" target=\"_blank\" rel=\"noopener noreferrer\">referenssida<\/a> kan du se v\u00e5ra ledstr\u00e5k i olika milj\u00f6er. L\u00e5t &#8220;<strong>ledstr\u00e5ksv\u00e4ljaren<\/strong>&#8221; nedan hj\u00e4lpa dig med f\u00f6rslag!<\/p>\n<p><strong><em>Om du saknar n\u00e5got i v\u00e5rt sortiment eller \u00e4r i behov av en anpassad l\u00f6sning s\u00e5 tveka inte att <a href=\"https:\/\/www.tactileflooring.se\/kontakt\/\" target=\"_blank\" rel=\"noopener noreferrer\">kontakta oss <\/a>&#8211; vi kan l\u00f6sa det mesta!<\/em><\/strong><\/p>\n<p>&nbsp;<\/p>\n","protected":false},"excerpt":{"rendered":"<p>Att v\u00e4lja r\u00e4tt produkt vid installation av ledstr\u00e5k \u00e4r viktigt. I v\u00e5rt sortiment finns flera olika material f\u00f6r att passa olika typer av golvytor och [&hellip;]<\/p>\n","protected":false},"author":2,"featured_media":3624,"parent":0,"menu_order":0,"comment_status":"closed","ping_status":"closed","template":"tpl-mattvaljaren.php","meta":{"_acf_changed":false,"footnotes":""},"class_list":["post-2574","page","type-page","status-publish","has-post-thumbnail","hentry"],"acf":[],"yoast_head":"<!-- This site is optimized with the Yoast SEO plugin v25.0 - https:\/\/yoast.com\/wordpress\/plugins\/seo\/ -->\n<title>Ledstr\u00e5ksv\u00e4ljaren - Tactile Flooring<\/title>\n<meta name=\"robots\" content=\"index, follow, max-snippet:-1, max-image-preview:large, max-video-preview:-1\" \/>\n<link rel=\"canonical\" href=\"https:\/\/www.tactileflooring.se\/da\/ledstraksvaljaren\/\" \/>\n<meta property=\"og:locale\" content=\"da_DK\" \/>\n<meta property=\"og:type\" content=\"article\" \/>\n<meta property=\"og:title\" content=\"Ledstr\u00e5ksv\u00e4ljaren - Tactile Flooring\" \/>\n<meta property=\"og:description\" content=\"Att v\u00e4lja r\u00e4tt produkt vid installation av ledstr\u00e5k \u00e4r viktigt. I v\u00e5rt sortiment finns flera olika material f\u00f6r att passa olika typer av golvytor och [&hellip;]\" \/>\n<meta property=\"og:url\" content=\"https:\/\/www.tactileflooring.se\/da\/ledstraksvaljaren\/\" \/>\n<meta property=\"og:site_name\" content=\"Tactile Flooring\" \/>\n<meta property=\"article:publisher\" content=\"https:\/\/www.facebook.com\/tactileflooringbymatting\" \/>\n<meta property=\"article:modified_time\" content=\"2019-07-02T14:08:31+00:00\" \/>\n<meta property=\"og:image\" content=\"https:\/\/www.tactileflooring.se\/wp-content\/uploads\/Start_TactileFlooring.jpg\" \/>\n\t<meta property=\"og:image:width\" content=\"1260\" \/>\n\t<meta property=\"og:image:height\" content=\"530\" \/>\n\t<meta property=\"og:image:type\" content=\"image\/jpeg\" \/>\n<meta name=\"twitter:card\" content=\"summary_large_image\" \/>\n<meta name=\"twitter:label1\" content=\"Est. reading time\" \/>\n\t<meta name=\"twitter:data1\" content=\"1 minute\" \/>\n<script type=\"application\/ld+json\" class=\"yoast-schema-graph\">{\"@context\":\"https:\/\/schema.org\",\"@graph\":[{\"@type\":\"WebPage\",\"@id\":\"https:\/\/www.tactileflooring.se\/da\/ledstraksvaljaren\/\",\"url\":\"https:\/\/www.tactileflooring.se\/da\/ledstraksvaljaren\/\",\"name\":\"Ledstr\u00e5ksv\u00e4ljaren - Tactile Flooring\",\"isPartOf\":{\"@id\":\"https:\/\/www.tactileflooring.se\/#website\"},\"primaryImageOfPage\":{\"@id\":\"https:\/\/www.tactileflooring.se\/da\/ledstraksvaljaren\/#primaryimage\"},\"image\":{\"@id\":\"https:\/\/www.tactileflooring.se\/da\/ledstraksvaljaren\/#primaryimage\"},\"thumbnailUrl\":\"https:\/\/www.tactileflooring.se\/wp-content\/uploads\/Start_TactileFlooring.jpg\",\"datePublished\":\"2018-04-17T11:27:56+00:00\",\"dateModified\":\"2019-07-02T14:08:31+00:00\",\"breadcrumb\":{\"@id\":\"https:\/\/www.tactileflooring.se\/da\/ledstraksvaljaren\/#breadcrumb\"},\"inLanguage\":\"da-DK\",\"potentialAction\":[{\"@type\":\"ReadAction\",\"target\":[\"https:\/\/www.tactileflooring.se\/da\/ledstraksvaljaren\/\"]}]},{\"@type\":\"ImageObject\",\"inLanguage\":\"da-DK\",\"@id\":\"https:\/\/www.tactileflooring.se\/da\/ledstraksvaljaren\/#primaryimage\",\"url\":\"https:\/\/www.tactileflooring.se\/wp-content\/uploads\/Start_TactileFlooring.jpg\",\"contentUrl\":\"https:\/\/www.tactileflooring.se\/wp-content\/uploads\/Start_TactileFlooring.jpg\",\"width\":1260,\"height\":530},{\"@type\":\"BreadcrumbList\",\"@id\":\"https:\/\/www.tactileflooring.se\/da\/ledstraksvaljaren\/#breadcrumb\",\"itemListElement\":[{\"@type\":\"ListItem\",\"position\":1,\"name\":\"Home\",\"item\":\"https:\/\/www.tactileflooring.se\/da\/\"},{\"@type\":\"ListItem\",\"position\":2,\"name\":\"Ledstr\u00e5ksv\u00e4ljaren\"}]},{\"@type\":\"WebSite\",\"@id\":\"https:\/\/www.tactileflooring.se\/#website\",\"url\":\"https:\/\/www.tactileflooring.se\/\",\"name\":\"Tactile Flooring\",\"description\":\"Tillg\u00e4nglighet f\u00f6r alla\",\"publisher\":{\"@id\":\"https:\/\/www.tactileflooring.se\/#organization\"},\"potentialAction\":[{\"@type\":\"SearchAction\",\"target\":{\"@type\":\"EntryPoint\",\"urlTemplate\":\"https:\/\/www.tactileflooring.se\/?s={search_term_string}\"},\"query-input\":{\"@type\":\"PropertyValueSpecification\",\"valueRequired\":true,\"valueName\":\"search_term_string\"}}],\"inLanguage\":\"da-DK\"},{\"@type\":\"Organization\",\"@id\":\"https:\/\/www.tactileflooring.se\/#organization\",\"name\":\"Matting AB, Matting Solutions\",\"url\":\"https:\/\/www.tactileflooring.se\/\",\"logo\":{\"@type\":\"ImageObject\",\"inLanguage\":\"da-DK\",\"@id\":\"https:\/\/www.tactileflooring.se\/#\/schema\/logo\/image\/\",\"url\":\"https:\/\/www.tactileflooring.se\/wp-content\/uploads\/MATTING_black_basic.png\",\"contentUrl\":\"https:\/\/www.tactileflooring.se\/wp-content\/uploads\/MATTING_black_basic.png\",\"width\":310,\"height\":54,\"caption\":\"Matting AB, Matting Solutions\"},\"image\":{\"@id\":\"https:\/\/www.tactileflooring.se\/#\/schema\/logo\/image\/\"},\"sameAs\":[\"https:\/\/www.facebook.com\/tactileflooringbymatting\",\"https:\/\/www.instagram.com\/mattingsolutions\/\",\"https:\/\/www.linkedin.com\/company\/mattingsolutions\/\"]}]}<\/script>\n<!-- \/ Yoast SEO plugin. -->","yoast_head_json":{"title":"Ledstr\u00e5ksv\u00e4ljaren - Tactile Flooring","robots":{"index":"index","follow":"follow","max-snippet":"max-snippet:-1","max-image-preview":"max-image-preview:large","max-video-preview":"max-video-preview:-1"},"canonical":"https:\/\/www.tactileflooring.se\/da\/ledstraksvaljaren\/","og_locale":"da_DK","og_type":"article","og_title":"Ledstr\u00e5ksv\u00e4ljaren - Tactile Flooring","og_description":"Att v\u00e4lja r\u00e4tt produkt vid installation av ledstr\u00e5k \u00e4r viktigt. I v\u00e5rt sortiment finns flera olika material f\u00f6r att passa olika typer av golvytor och [&hellip;]","og_url":"https:\/\/www.tactileflooring.se\/da\/ledstraksvaljaren\/","og_site_name":"Tactile Flooring","article_publisher":"https:\/\/www.facebook.com\/tactileflooringbymatting","article_modified_time":"2019-07-02T14:08:31+00:00","og_image":[{"width":1260,"height":530,"url":"https:\/\/www.tactileflooring.se\/wp-content\/uploads\/Start_TactileFlooring.jpg","type":"image\/jpeg"}],"twitter_card":"summary_large_image","twitter_misc":{"Est. reading time":"1 minute"},"schema":{"@context":"https:\/\/schema.org","@graph":[{"@type":"WebPage","@id":"https:\/\/www.tactileflooring.se\/da\/ledstraksvaljaren\/","url":"https:\/\/www.tactileflooring.se\/da\/ledstraksvaljaren\/","name":"Ledstr\u00e5ksv\u00e4ljaren - Tactile Flooring","isPartOf":{"@id":"https:\/\/www.tactileflooring.se\/#website"},"primaryImageOfPage":{"@id":"https:\/\/www.tactileflooring.se\/da\/ledstraksvaljaren\/#primaryimage"},"image":{"@id":"https:\/\/www.tactileflooring.se\/da\/ledstraksvaljaren\/#primaryimage"},"thumbnailUrl":"https:\/\/www.tactileflooring.se\/wp-content\/uploads\/Start_TactileFlooring.jpg","datePublished":"2018-04-17T11:27:56+00:00","dateModified":"2019-07-02T14:08:31+00:00","breadcrumb":{"@id":"https:\/\/www.tactileflooring.se\/da\/ledstraksvaljaren\/#breadcrumb"},"inLanguage":"da-DK","potentialAction":[{"@type":"ReadAction","target":["https:\/\/www.tactileflooring.se\/da\/ledstraksvaljaren\/"]}]},{"@type":"ImageObject","inLanguage":"da-DK","@id":"https:\/\/www.tactileflooring.se\/da\/ledstraksvaljaren\/#primaryimage","url":"https:\/\/www.tactileflooring.se\/wp-content\/uploads\/Start_TactileFlooring.jpg","contentUrl":"https:\/\/www.tactileflooring.se\/wp-content\/uploads\/Start_TactileFlooring.jpg","width":1260,"height":530},{"@type":"BreadcrumbList","@id":"https:\/\/www.tactileflooring.se\/da\/ledstraksvaljaren\/#breadcrumb","itemListElement":[{"@type":"ListItem","position":1,"name":"Home","item":"https:\/\/www.tactileflooring.se\/da\/"},{"@type":"ListItem","position":2,"name":"Ledstr\u00e5ksv\u00e4ljaren"}]},{"@type":"WebSite","@id":"https:\/\/www.tactileflooring.se\/#website","url":"https:\/\/www.tactileflooring.se\/","name":"Tactile Flooring","description":"Tillg\u00e4nglighet f\u00f6r alla","publisher":{"@id":"https:\/\/www.tactileflooring.se\/#organization"},"potentialAction":[{"@type":"SearchAction","target":{"@type":"EntryPoint","urlTemplate":"https:\/\/www.tactileflooring.se\/?s={search_term_string}"},"query-input":{"@type":"PropertyValueSpecification","valueRequired":true,"valueName":"search_term_string"}}],"inLanguage":"da-DK"},{"@type":"Organization","@id":"https:\/\/www.tactileflooring.se\/#organization","name":"Matting AB, Matting Solutions","url":"https:\/\/www.tactileflooring.se\/","logo":{"@type":"ImageObject","inLanguage":"da-DK","@id":"https:\/\/www.tactileflooring.se\/#\/schema\/logo\/image\/","url":"https:\/\/www.tactileflooring.se\/wp-content\/uploads\/MATTING_black_basic.png","contentUrl":"https:\/\/www.tactileflooring.se\/wp-content\/uploads\/MATTING_black_basic.png","width":310,"height":54,"caption":"Matting AB, Matting Solutions"},"image":{"@id":"https:\/\/www.tactileflooring.se\/#\/schema\/logo\/image\/"},"sameAs":["https:\/\/www.facebook.com\/tactileflooringbymatting","https:\/\/www.instagram.com\/mattingsolutions\/","https:\/\/www.linkedin.com\/company\/mattingsolutions\/"]}]}},"_links":{"self":[{"href":"https:\/\/www.tactileflooring.se\/da\/wp-json\/wp\/v2\/pages\/2574","targetHints":{"allow":["GET"]}}],"collection":[{"href":"https:\/\/www.tactileflooring.se\/da\/wp-json\/wp\/v2\/pages"}],"about":[{"href":"https:\/\/www.tactileflooring.se\/da\/wp-json\/wp\/v2\/types\/page"}],"author":[{"embeddable":true,"href":"https:\/\/www.tactileflooring.se\/da\/wp-json\/wp\/v2\/users\/2"}],"replies":[{"embeddable":true,"href":"https:\/\/www.tactileflooring.se\/da\/wp-json\/wp\/v2\/comments?post=2574"}],"version-history":[{"count":0,"href":"https:\/\/www.tactileflooring.se\/da\/wp-json\/wp\/v2\/pages\/2574\/revisions"}],"wp:featuredmedia":[{"embeddable":true,"href":"https:\/\/www.tactileflooring.se\/da\/wp-json\/wp\/v2\/media\/3624"}],"wp:attachment":[{"href":"https:\/\/www.tactileflooring.se\/da\/wp-json\/wp\/v2\/media?parent=2574"}],"curies":[{"name":"wp","href":"https:\/\/api.w.org\/{rel}","templated":true}]}}