{"id":2068,"date":"2017-09-26T09:50:49","date_gmt":"2017-09-26T07:50:49","guid":{"rendered":"https:\/\/www.tactileflooring.se\/?page_id=2068\/"},"modified":"2017-09-26T09:50:49","modified_gmt":"2017-09-26T07:50:49","slug":"cookie","status":"publish","type":"page","link":"https:\/\/www.tactileflooring.se\/da\/cookie\/","title":{"rendered":"Cookie"},"content":{"rendered":"<p>En cookie er en meget lille tekstfil, der er gemt p\u00e5 din computer. Det er vant til at huske og dine valg p\u00e5 hjemmesiden. Cookies er en fantastisk m\u00e5de for websites at gemme vigtige oplysninger og indstillinger for at g\u00f8re det lettere for dig som bruger.<\/p>\n<p>For eksempel, n\u00e5r du sidst var der, hvad du skrev i en form, s\u00e5 du ikke beh\u00f8ver at skrive igen, hvilke valg du har lavet og s\u00e5 videre. Cookies kan ikke indeholde kode, og derfor beh\u00f8ver du ikke bekymre dig om reklame, spyware, virus eller lignende.<\/p>\n<p>Cookies forstyrrer ikke dit system betydeligt. Kun hjemmesiden er den gemte tekstfil, der kan l\u00e6se den, s\u00e5 ingen andre kan fort\u00e6lle hvad du har gjort med os.<\/p>\n","protected":false},"excerpt":{"rendered":"<p>En cookie er en meget lille tekstfil, der er gemt p\u00e5 din computer. Det er vant til at huske og dine valg p\u00e5 hjemmesiden. Cookies [&hellip;]<\/p>\n","protected":false},"author":2,"featured_media":0,"parent":0,"menu_order":200,"comment_status":"closed","ping_status":"closed","template":"","meta":{"_acf_changed":false,"footnotes":""},"class_list":["post-2068","page","type-page","status-publish","hentry"],"acf":[],"yoast_head":"<!-- This site is optimized with the Yoast SEO plugin v25.0 - https:\/\/yoast.com\/wordpress\/plugins\/seo\/ -->\n<title>Cookie - Tactile Flooring<\/title>\n<meta name=\"robots\" content=\"index, follow, max-snippet:-1, max-image-preview:large, max-video-preview:-1\" \/>\n<link rel=\"canonical\" href=\"https:\/\/www.tactileflooring.se\/da\/cookie\/\" \/>\n<meta property=\"og:locale\" content=\"da_DK\" \/>\n<meta property=\"og:type\" content=\"article\" \/>\n<meta property=\"og:title\" content=\"Cookie - Tactile Flooring\" \/>\n<meta property=\"og:description\" content=\"En cookie er en meget lille tekstfil, der er gemt p\u00e5 din computer. Det er vant til at huske og dine valg p\u00e5 hjemmesiden. Cookies [&hellip;]\" \/>\n<meta property=\"og:url\" content=\"https:\/\/www.tactileflooring.se\/da\/cookie\/\" \/>\n<meta property=\"og:site_name\" content=\"Tactile Flooring\" \/>\n<meta property=\"article:publisher\" content=\"https:\/\/www.facebook.com\/tactileflooringbymatting\" \/>\n<meta name=\"twitter:card\" content=\"summary_large_image\" \/>\n<meta name=\"twitter:label1\" content=\"Est. reading time\" \/>\n\t<meta name=\"twitter:data1\" content=\"1 minute\" \/>\n<script type=\"application\/ld+json\" class=\"yoast-schema-graph\">{\"@context\":\"https:\/\/schema.org\",\"@graph\":[{\"@type\":\"WebPage\",\"@id\":\"https:\/\/www.tactileflooring.se\/da\/cookie\/\",\"url\":\"https:\/\/www.tactileflooring.se\/da\/cookie\/\",\"name\":\"Cookie - Tactile Flooring\",\"isPartOf\":{\"@id\":\"https:\/\/www.tactileflooring.se\/#website\"},\"datePublished\":\"2017-09-26T07:50:49+00:00\",\"breadcrumb\":{\"@id\":\"https:\/\/www.tactileflooring.se\/da\/cookie\/#breadcrumb\"},\"inLanguage\":\"da-DK\",\"potentialAction\":[{\"@type\":\"ReadAction\",\"target\":[\"https:\/\/www.tactileflooring.se\/da\/cookie\/\"]}]},{\"@type\":\"BreadcrumbList\",\"@id\":\"https:\/\/www.tactileflooring.se\/da\/cookie\/#breadcrumb\",\"itemListElement\":[{\"@type\":\"ListItem\",\"position\":1,\"name\":\"Home\",\"item\":\"https:\/\/www.tactileflooring.se\/da\/\"},{\"@type\":\"ListItem\",\"position\":2,\"name\":\"Cookie\"}]},{\"@type\":\"WebSite\",\"@id\":\"https:\/\/www.tactileflooring.se\/#website\",\"url\":\"https:\/\/www.tactileflooring.se\/\",\"name\":\"Tactile Flooring\",\"description\":\"Tillg\u00e4nglighet f\u00f6r alla\",\"publisher\":{\"@id\":\"https:\/\/www.tactileflooring.se\/#organization\"},\"potentialAction\":[{\"@type\":\"SearchAction\",\"target\":{\"@type\":\"EntryPoint\",\"urlTemplate\":\"https:\/\/www.tactileflooring.se\/?s={search_term_string}\"},\"query-input\":{\"@type\":\"PropertyValueSpecification\",\"valueRequired\":true,\"valueName\":\"search_term_string\"}}],\"inLanguage\":\"da-DK\"},{\"@type\":\"Organization\",\"@id\":\"https:\/\/www.tactileflooring.se\/#organization\",\"name\":\"Matting AB, Matting Solutions\",\"url\":\"https:\/\/www.tactileflooring.se\/\",\"logo\":{\"@type\":\"ImageObject\",\"inLanguage\":\"da-DK\",\"@id\":\"https:\/\/www.tactileflooring.se\/#\/schema\/logo\/image\/\",\"url\":\"https:\/\/www.tactileflooring.se\/wp-content\/uploads\/MATTING_black_basic.png\",\"contentUrl\":\"https:\/\/www.tactileflooring.se\/wp-content\/uploads\/MATTING_black_basic.png\",\"width\":310,\"height\":54,\"caption\":\"Matting AB, Matting Solutions\"},\"image\":{\"@id\":\"https:\/\/www.tactileflooring.se\/#\/schema\/logo\/image\/\"},\"sameAs\":[\"https:\/\/www.facebook.com\/tactileflooringbymatting\",\"https:\/\/www.instagram.com\/mattingsolutions\/\",\"https:\/\/www.linkedin.com\/company\/mattingsolutions\/\"]}]}<\/script>\n<!-- \/ Yoast SEO plugin. -->","yoast_head_json":{"title":"Cookie - Tactile Flooring","robots":{"index":"index","follow":"follow","max-snippet":"max-snippet:-1","max-image-preview":"max-image-preview:large","max-video-preview":"max-video-preview:-1"},"canonical":"https:\/\/www.tactileflooring.se\/da\/cookie\/","og_locale":"da_DK","og_type":"article","og_title":"Cookie - Tactile Flooring","og_description":"En cookie er en meget lille tekstfil, der er gemt p\u00e5 din computer. Det er vant til at huske og dine valg p\u00e5 hjemmesiden. Cookies [&hellip;]","og_url":"https:\/\/www.tactileflooring.se\/da\/cookie\/","og_site_name":"Tactile Flooring","article_publisher":"https:\/\/www.facebook.com\/tactileflooringbymatting","twitter_card":"summary_large_image","twitter_misc":{"Est. reading time":"1 minute"},"schema":{"@context":"https:\/\/schema.org","@graph":[{"@type":"WebPage","@id":"https:\/\/www.tactileflooring.se\/da\/cookie\/","url":"https:\/\/www.tactileflooring.se\/da\/cookie\/","name":"Cookie - Tactile Flooring","isPartOf":{"@id":"https:\/\/www.tactileflooring.se\/#website"},"datePublished":"2017-09-26T07:50:49+00:00","breadcrumb":{"@id":"https:\/\/www.tactileflooring.se\/da\/cookie\/#breadcrumb"},"inLanguage":"da-DK","potentialAction":[{"@type":"ReadAction","target":["https:\/\/www.tactileflooring.se\/da\/cookie\/"]}]},{"@type":"BreadcrumbList","@id":"https:\/\/www.tactileflooring.se\/da\/cookie\/#breadcrumb","itemListElement":[{"@type":"ListItem","position":1,"name":"Home","item":"https:\/\/www.tactileflooring.se\/da\/"},{"@type":"ListItem","position":2,"name":"Cookie"}]},{"@type":"WebSite","@id":"https:\/\/www.tactileflooring.se\/#website","url":"https:\/\/www.tactileflooring.se\/","name":"Tactile Flooring","description":"Tillg\u00e4nglighet f\u00f6r alla","publisher":{"@id":"https:\/\/www.tactileflooring.se\/#organization"},"potentialAction":[{"@type":"SearchAction","target":{"@type":"EntryPoint","urlTemplate":"https:\/\/www.tactileflooring.se\/?s={search_term_string}"},"query-input":{"@type":"PropertyValueSpecification","valueRequired":true,"valueName":"search_term_string"}}],"inLanguage":"da-DK"},{"@type":"Organization","@id":"https:\/\/www.tactileflooring.se\/#organization","name":"Matting AB, Matting Solutions","url":"https:\/\/www.tactileflooring.se\/","logo":{"@type":"ImageObject","inLanguage":"da-DK","@id":"https:\/\/www.tactileflooring.se\/#\/schema\/logo\/image\/","url":"https:\/\/www.tactileflooring.se\/wp-content\/uploads\/MATTING_black_basic.png","contentUrl":"https:\/\/www.tactileflooring.se\/wp-content\/uploads\/MATTING_black_basic.png","width":310,"height":54,"caption":"Matting AB, Matting Solutions"},"image":{"@id":"https:\/\/www.tactileflooring.se\/#\/schema\/logo\/image\/"},"sameAs":["https:\/\/www.facebook.com\/tactileflooringbymatting","https:\/\/www.instagram.com\/mattingsolutions\/","https:\/\/www.linkedin.com\/company\/mattingsolutions\/"]}]}},"_links":{"self":[{"href":"https:\/\/www.tactileflooring.se\/da\/wp-json\/wp\/v2\/pages\/2068","targetHints":{"allow":["GET"]}}],"collection":[{"href":"https:\/\/www.tactileflooring.se\/da\/wp-json\/wp\/v2\/pages"}],"about":[{"href":"https:\/\/www.tactileflooring.se\/da\/wp-json\/wp\/v2\/types\/page"}],"author":[{"embeddable":true,"href":"https:\/\/www.tactileflooring.se\/da\/wp-json\/wp\/v2\/users\/2"}],"replies":[{"embeddable":true,"href":"https:\/\/www.tactileflooring.se\/da\/wp-json\/wp\/v2\/comments?post=2068"}],"version-history":[{"count":0,"href":"https:\/\/www.tactileflooring.se\/da\/wp-json\/wp\/v2\/pages\/2068\/revisions"}],"wp:attachment":[{"href":"https:\/\/www.tactileflooring.se\/da\/wp-json\/wp\/v2\/media?parent=2068"}],"curies":[{"name":"wp","href":"https:\/\/api.w.org\/{rel}","templated":true}]}}